{"id":55,"date":"2024-03-11T11:54:05","date_gmt":"2024-03-11T11:54:05","guid":{"rendered":"https:\/\/www.tombr.cz\/?page_id=55"},"modified":"2024-03-11T19:48:23","modified_gmt":"2024-03-11T19:48:23","slug":"tom-br","status":"publish","type":"page","link":"https:\/\/www.tombr.cz\/index.php\/tom-br\/","title":{"rendered":"Tom Br."},"content":{"rendered":"\n<p>Jak nejl\u00e9pe z\u00edskat pro\u017eitek pr\u00e1ce se d\u0159evem? Za m\u011b vz\u00edt ho do rukou jako \u010derstv\u011b slo\u017een\u00fd \u0161palek a proj\u00edt si kompletn\u00ed proces \u00faprav. Ka\u017ed\u00fd krok je specifick\u00fd pro jednotliv\u00fd kousek stromu od v\u00fdb\u011bru \u0159ez\u016f, p\u0159es su\u0161en\u00ed po samotn\u00e9 koncov\u00e9 tvarov\u00e1n\u00ed a o\u0161et\u0159en\u00ed. V\u0161echny m\u00e9 v\u00fdrobky pro\u0161ly &#8222;pod m\u00fdma rukama&#8220; t\u00edmto procesem a ka\u017ed\u00fd m\u011b n\u011bco nov\u00e9ho nau\u010dil.<\/p>\n\n\n\n<p>Jakmile v\u00e1\u0161 kon\u00ed\u010dek p\u0159eroste v koupi n\u011b\u010deho jako je soustruh, tak u\u017e nen\u00ed cesty nazp\u011bt. Ve sv\u00e9 gar\u00e1\u017eov\u00e9 d\u00edln\u011b jsem ud\u011blal pracovn\u00ed st\u016fl a za\u010dal h\u00e1zet hobliny na v\u0161e kolem.<\/p>\n\n\n\n<p>Ka\u017ed\u00fd v\u00fdrobek je origin\u00e1l a vn\u011bj\u0161\u00ed o\u0161et\u0159en\u00ed prov\u00e1d\u00edm zdravotn\u011b nez\u00e1vadn\u00fdmi oleji, kter\u00e9 i p\u0159i po\u017eit\u00ed nezp\u016fsobuj\u00ed naprosto \u017e\u00e1dn\u00e9 \u00fajmy. <\/p>\n\n\n\n<p>Douf\u00e1m, \u017ee V\u00e1m budou d\u011blat stejnou radost.<\/p>\n\n\n\n<figure class=\"wp-block-image\"><img decoding=\"async\" src=\"https:\/\/www.tombr.cz\/wp-content\/uploads\/2024\/03\/pracovni_prostor.jpg\" alt=\"Takhle \u010disto u\u017e tam nikdy nebude ;)\"\/><\/figure>\n","protected":false},"excerpt":{"rendered":"<p>Jak nejl\u00e9pe z\u00edskat pro\u017eitek pr\u00e1ce se d\u0159evem? Za m\u011b vz\u00edt ho do rukou jako \u010derstv\u011b slo\u017een\u00fd \u0161palek a proj\u00edt si kompletn\u00ed proces \u00faprav. Ka\u017ed\u00fd krok je specifick\u00fd pro jednotliv\u00fd kousek stromu od v\u00fdb\u011bru \u0159ez\u016f, p\u0159es su\u0161en\u00ed po samotn\u00e9 koncov\u00e9 tvarov\u00e1n\u00ed a o\u0161et\u0159en\u00ed. V\u0161echny m\u00e9 v\u00fdrobky pro\u0161ly &#8222;pod m\u00fdma rukama&#8220; t\u00edmto procesem a ka\u017ed\u00fd m\u011b n\u011bco [&hellip;]<\/p>\n","protected":false},"author":1,"featured_media":0,"parent":0,"menu_order":0,"comment_status":"closed","ping_status":"closed","template":"","meta":{"footnotes":""},"class_list":["post-55","page","type-page","status-publish","hentry"],"_links":{"self":[{"href":"https:\/\/www.tombr.cz\/index.php\/wp-json\/wp\/v2\/pages\/55","targetHints":{"allow":["GET"]}}],"collection":[{"href":"https:\/\/www.tombr.cz\/index.php\/wp-json\/wp\/v2\/pages"}],"about":[{"href":"https:\/\/www.tombr.cz\/index.php\/wp-json\/wp\/v2\/types\/page"}],"author":[{"embeddable":true,"href":"https:\/\/www.tombr.cz\/index.php\/wp-json\/wp\/v2\/users\/1"}],"replies":[{"embeddable":true,"href":"https:\/\/www.tombr.cz\/index.php\/wp-json\/wp\/v2\/comments?post=55"}],"version-history":[{"count":5,"href":"https:\/\/www.tombr.cz\/index.php\/wp-json\/wp\/v2\/pages\/55\/revisions"}],"predecessor-version":[{"id":99,"href":"https:\/\/www.tombr.cz\/index.php\/wp-json\/wp\/v2\/pages\/55\/revisions\/99"}],"wp:attachment":[{"href":"https:\/\/www.tombr.cz\/index.php\/wp-json\/wp\/v2\/media?parent=55"}],"curies":[{"name":"wp","href":"https:\/\/api.w.org\/{rel}","templated":true}]}}